{"id":612,"date":"2014-03-18T10:53:05","date_gmt":"2014-03-18T09:53:05","guid":{"rendered":"https:\/\/www.hotelaristeo.com\/informativa-sulla-privacy-2\/"},"modified":"2015-02-20T11:10:41","modified_gmt":"2015-02-20T10:10:41","slug":"privacy","status":"publish","type":"page","link":"https:\/\/www.hotelaristeo.com\/fr\/privacy\/","title":{"rendered":"Privacy policy"},"content":{"rendered":"<p>Vos donn\u00e9es personnelles, et en particulier votre adresse e-mail dans le seul but de promouvoir les activit\u00e9s et les services de l&rsquo;hotel.<\/p>\n<p>Les donn\u00e9es ne sont pas tr\u00e8s r\u00e9pandues et sont trait\u00e9es de mani\u00e8re confidentielle par le manuel et \/ ou ordinateur, et par les joueurs de ce que les salari\u00e9s, sous r\u00e9serve des mesures de s\u00e9curit\u00e9 minimales. A tout moment vous pouvez exercer vos droits en vertu de l&rsquo;article 7 du d\u00e9cret pr\u00e9cit\u00e9 (acc\u00e8s, de modification, l&rsquo;int\u00e9gration, l&rsquo;annulation, etc.) Envoyer a: info@hotelaristeo.com<\/p>\n","protected":false},"excerpt":{"rendered":"<p>Vos donn\u00e9es personnelles, et en particulier votre adresse e-mail dans le seul but de promouvoir les activit\u00e9s et les services&#8230;<\/p>\n","protected":false},"author":4,"featured_media":0,"parent":0,"menu_order":0,"comment_status":"closed","ping_status":"closed","template":"template.iscrizione-alla-newsletter.php","meta":{"_acf_changed":false},"class_list":["post-612","page","type-page","status-publish","hentry"],"acf":[],"aioseo_notices":[],"_links":{"self":[{"href":"https:\/\/www.hotelaristeo.com\/fr\/wp-json\/wp\/v2\/pages\/612","targetHints":{"allow":["GET"]}}],"collection":[{"href":"https:\/\/www.hotelaristeo.com\/fr\/wp-json\/wp\/v2\/pages"}],"about":[{"href":"https:\/\/www.hotelaristeo.com\/fr\/wp-json\/wp\/v2\/types\/page"}],"author":[{"embeddable":true,"href":"https:\/\/www.hotelaristeo.com\/fr\/wp-json\/wp\/v2\/users\/4"}],"replies":[{"embeddable":true,"href":"https:\/\/www.hotelaristeo.com\/fr\/wp-json\/wp\/v2\/comments?post=612"}],"version-history":[{"count":0,"href":"https:\/\/www.hotelaristeo.com\/fr\/wp-json\/wp\/v2\/pages\/612\/revisions"}],"wp:attachment":[{"href":"https:\/\/www.hotelaristeo.com\/fr\/wp-json\/wp\/v2\/media?parent=612"}],"curies":[{"name":"wp","href":"https:\/\/api.w.org\/{rel}","templated":true}]}}