{"id":538,"date":"2013-07-09T12:41:08","date_gmt":"2013-07-09T12:41:08","guid":{"rendered":"https:\/\/www.hotelaristeo.com\/home-2\/"},"modified":"2023-09-28T12:22:43","modified_gmt":"2023-09-28T10:22:43","slug":"home","status":"publish","type":"page","link":"https:\/\/www.hotelaristeo.com\/fr\/","title":{"rendered":"Bienvenue a&rsquo;l&rsquo;Hotel Aristeo"},"content":{"rendered":"<p>L&rsquo;H\u00f4tel, en premi\u00e8re ligne sur la plage est g\u00e9r\u00e9 directement par nos soins, nous sommes les propri\u00e9taires, il dispose d\u2019un vaste parking priv\u00e9, piscine, bassin hydromassage chauff\u00e9 et jardin, connection wi-fi.<br \/>\nIl a \u00e9t\u00e9 enti\u00e8rement restructur\u00e9 sur le plan interne en 2006 et il offre une qualit\u00e9 de service \u00e9lev\u00e9e dans une ambiance tr\u00e8s soign\u00e9e, accueillante, confortable et agr\u00e9able.<\/p>\n\n\t\t<style type=\"text\/css\">\n\t\t\t#gallery-1 {\n\t\t\t\tmargin: auto;\n\t\t\t}\n\t\t\t#gallery-1 .gallery-item {\n\t\t\t\tfloat: left;\n\t\t\t\tmargin-top: 10px;\n\t\t\t\ttext-align: center;\n\t\t\t\twidth: 50%;\n\t\t\t}\n\t\t\t#gallery-1 img {\n\t\t\t\tborder: 2px solid #cfcfcf;\n\t\t\t}\n\t\t\t#gallery-1 .gallery-caption {\n\t\t\t\tmargin-left: 0;\n\t\t\t}\n\t\t\t\/* see gallery_shortcode() in wp-includes\/media.php *\/\n\t\t<\/style>\n\t\t<div id='gallery-1' class='gallery galleryid-538 gallery-columns-2 gallery-size-thumbnail'><dl class='gallery-item'>\n\t\t\t<dt class='gallery-icon landscape'>\n\t\t\t\t<a href='https:\/\/www.hotelaristeo.com\/wp-content\/uploads\/2013\/07\/DSC_0224.jpg' data-rel=\"shadowbox['gallery']\"><img loading=\"lazy\" decoding=\"async\" width=\"270\" height=\"177\" src=\"https:\/\/www.hotelaristeo.com\/wp-content\/uploads\/2013\/07\/DSC_0224-270x177.jpg\" class=\"attachment-thumbnail size-thumbnail\" alt=\"\" aria-describedby=\"gallery-1-343\" \/><\/a>\n\t\t\t<\/dt>\n\t\t\t\t<dd class='wp-caption-text gallery-caption' id='gallery-1-343'>\n\t\t\t\tSiamo sul mare!\n\t\t\t\t<\/dd><\/dl><dl class='gallery-item'>\n\t\t\t<dt class='gallery-icon landscape'>\n\t\t\t\t<a href='https:\/\/www.hotelaristeo.com\/wp-content\/uploads\/2013\/07\/IMG_8105.jpg' data-rel=\"shadowbox['gallery']\"><img loading=\"lazy\" decoding=\"async\" width=\"270\" height=\"177\" src=\"https:\/\/www.hotelaristeo.com\/wp-content\/uploads\/2013\/07\/IMG_8105-270x177.jpg\" class=\"attachment-thumbnail size-thumbnail\" alt=\"\" \/><\/a>\n\t\t\t<\/dt><\/dl><br style=\"clear: both\" \/>\n\t\t<\/div>\n\n<p>La position centrale de l&rsquo;h\u00f4tel, particuli\u00e8rement favorable, est l\u2019id\u00e9al pour le shopping et le temps libre. Nous sommes situ\u00e9s \u00e0 7 Km de la Foire-Exposition de Rimini, 2,5Km du Palais des Congr\u00e8s et \u00e0 1,5 km du 105 Stadium.<br \/>\nAmoureux de notre activit\u00e9 et professionnels de l\u2019accueil depuis trois g\u00e9n\u00e9rations, en tant que propri\u00e9taires, avec toute l\u2019\u00e9quipe, nous ferons de notre mieux pour vous offrir un s\u00e9jour agr\u00e9able, \u00e0 l\u2019enseigne du bien-\u00eatre, de la d\u00e9tente et de la bonne humeur, en exau\u00e7ant tous vos d\u00e9sirs!<\/p>\n<p><strong>L\u2019H\u00f4tel Aristeo c\u2019est cela et bien d\u2019autres choses encore\u2026 le trois \u00e9toiles avec les services d\u2019un quatre \u00e9toiles!!<\/strong><\/p>\n","protected":false},"excerpt":{"rendered":"<p>L&rsquo;H\u00f4tel, en premi\u00e8re ligne sur la plage est g\u00e9r\u00e9 directement par nos soins, nous sommes les propri\u00e9taires, il dispose d\u2019un&#8230;<\/p>\n","protected":false},"author":4,"featured_media":0,"parent":0,"menu_order":3,"comment_status":"closed","ping_status":"closed","template":"","meta":{"_acf_changed":false},"class_list":["post-538","page","type-page","status-publish","hentry"],"acf":[],"aioseo_notices":[],"_links":{"self":[{"href":"https:\/\/www.hotelaristeo.com\/fr\/wp-json\/wp\/v2\/pages\/538","targetHints":{"allow":["GET"]}}],"collection":[{"href":"https:\/\/www.hotelaristeo.com\/fr\/wp-json\/wp\/v2\/pages"}],"about":[{"href":"https:\/\/www.hotelaristeo.com\/fr\/wp-json\/wp\/v2\/types\/page"}],"author":[{"embeddable":true,"href":"https:\/\/www.hotelaristeo.com\/fr\/wp-json\/wp\/v2\/users\/4"}],"replies":[{"embeddable":true,"href":"https:\/\/www.hotelaristeo.com\/fr\/wp-json\/wp\/v2\/comments?post=538"}],"version-history":[{"count":0,"href":"https:\/\/www.hotelaristeo.com\/fr\/wp-json\/wp\/v2\/pages\/538\/revisions"}],"wp:attachment":[{"href":"https:\/\/www.hotelaristeo.com\/fr\/wp-json\/wp\/v2\/media?parent=538"}],"curies":[{"name":"wp","href":"https:\/\/api.w.org\/{rel}","templated":true}]}}