{"id":277,"date":"2015-01-13T17:20:13","date_gmt":"2015-01-13T16:20:13","guid":{"rendered":"https:\/\/www.hotelaristeo.com\/listino-prezzi-2\/"},"modified":"2015-01-15T15:42:31","modified_gmt":"2015-01-15T14:42:31","slug":"liste-de-prix","status":"publish","type":"page","link":"https:\/\/www.hotelaristeo.com\/fr\/liste-de-prix\/","title":{"rendered":"Liste de prix"},"content":{"rendered":"<h2>Pension compl\u00e8te<\/h2>\n<table>\n<tbody>\n<tr>\n<td><strong>Juin<\/strong><\/td>\n<td>\u00e0 parti de\u00a0<strong>42<\/strong> euro<\/td>\n<td>au\u00a0<strong>64<\/strong> euro<\/td>\n<\/tr>\n<tr>\n<td><strong>Juillet<\/strong><\/td>\n<td>\u00e0 parti de\u00a0<strong>58<\/strong> euro<\/td>\n<td>au\u00a0<strong>70<\/strong> euro<\/td>\n<\/tr>\n<tr>\n<td><strong>Aout<\/strong><\/td>\n<td>\u00e0 parti de\u00a0<strong>59<\/strong> euro<\/td>\n<td>au\u00a0<strong>82<\/strong> euro<\/td>\n<\/tr>\n<tr>\n<td><strong>Septembre<\/strong><\/td>\n<td>\u00e0 parti de\u00a0<strong>39<\/strong> euro<\/td>\n<td>au\u00a0<strong>58<\/strong> euro<\/td>\n<\/tr>\n<\/tbody>\n<\/table>\n<p>Les prix s\u2019entendent par jour, par personne en chambre double, (pour la formule pension compl\u00e8te un s\u00e9jour minimum de trois jours est demand\u00e9), et ils comprennent l\u2019air conditionn\u00e9, le parking priv\u00e9 et tous les services de l\u2019h\u00f4tel.<br \/>\nDemandez votre devis personnalis\u00e9 en remplissant le formulaire ci-contre, nous vous r\u00e9pondrons d\u00e8s que possible.<\/p>\n<p><strong>R\u00e9ductions et suppl\u00e9ments<\/strong><br \/>\nChambre double sur la mer + \u20ac 3,00\/8,00 par jour par personne<br \/>\nChambre sans balcon &#8211; \u20ac 3,00 par jour par personne<\/p>\n<p><strong>R\u00e9ductions enfants<\/strong> (sur le troisi\u00e8me lit suppl\u00e9mentaire) a partire de -10 au -50%<\/p>\n<p><strong>Suppl\u00e9ments:<\/strong><\/p>\n<ul>\n<li>Lit b\u00e9b\u00e9 et pr\u00e9paration repas b\u00e9b\u00e9 6-12 mois\u00a0 15,00 euro \/20,00 euro par jour<\/li>\n<li>Chambre \u00e0 un lit de + \u20ac 10,00 \u00e0 + \u20ac 30,00 par jour<\/li>\n<li>S\u00e9jours de moins de 3 jours + \u20ac 10,00 par jour pour personne<\/li>\n<\/ul>\n<p><strong>Sp\u00e9cial familles<\/strong> (pour un minimum de 7 jours):<br \/>\nFamille de 4 personnes avec 2 enfants de moins de 10 ans en chambre \u00e0 4 lits, 3 tarifs entiers et un enfant gratuit<br \/>\nFamille de 5 personnes avec 3 enfants de moins de 14 ans dans 2 chambres communicantes avec deux entr\u00e9es s\u00e9par\u00e9es et deux salles de bains, 4 tarifs entiers et un gratuit<\/p>\n<p><strong>Enfants dans le lit des parents<\/strong> 2-5 ans payent \u20ac 15,00 par jour<br \/>\n1 adulte et 2 enfants de moins de 10 ans payent 2 tarifs entiers (un enfant gratuit)<\/p>\n<p><span style=\"font-size: 8pt;\"><strong>LIRE ATTENTIVEMENT:<\/strong><\/span><br \/>\n<span style=\"font-size: 8pt;\">Les repas pas effectu\u00e9s ne seront pas d\u00e9duites du prix, mais pour vos excursions nous serons heureux de vous pr\u00e9parer des lunch packet (inclus dans le prix). Vous pourrez le communiquer \u00e0 la reception le m\u00eame matin.<br \/>\nPour reserver votre s\u00e9jour nous demandons un pre-payment de \u20ac 200,00 (\u20ac 300,00 pour le mois d&rsquo;Ao\u00fbt). Si nous ne recevons ce pre-payment au sein de 7 jours, nous considererons la reservation annul\u00e9e, donc en cas de retard dans l&#8217;emission nous vous prions de communiquer \u00e7a.<br \/>\nEn cas d&rsquo;annulation le pre-payment sera retenu.<br \/>\nEn cas de d\u00e9part anticip\u00e9 nous facturons 3 jours de chambre et petit d\u00e9jeuner, comme de r\u00e8gle d&rsquo;Hotel.<br \/>\nPour arriv\u00e9 en retard, sans avis de 7 jour au moins, nous facturons tous les jours reserv\u00e9s. <\/span><\/p>\n","protected":false},"excerpt":{"rendered":"<p>Pension compl\u00e8te Juin \u00e0 parti de\u00a042 euro au\u00a064 euro Juillet \u00e0 parti de\u00a058 euro au\u00a070 euro Aout \u00e0 parti de\u00a059&#8230;<\/p>\n","protected":false},"author":4,"featured_media":0,"parent":0,"menu_order":0,"comment_status":"closed","ping_status":"closed","template":"","meta":{"_acf_changed":false},"class_list":["post-277","page","type-page","status-publish","hentry"],"acf":[],"aioseo_notices":[],"_links":{"self":[{"href":"https:\/\/www.hotelaristeo.com\/fr\/wp-json\/wp\/v2\/pages\/277","targetHints":{"allow":["GET"]}}],"collection":[{"href":"https:\/\/www.hotelaristeo.com\/fr\/wp-json\/wp\/v2\/pages"}],"about":[{"href":"https:\/\/www.hotelaristeo.com\/fr\/wp-json\/wp\/v2\/types\/page"}],"author":[{"embeddable":true,"href":"https:\/\/www.hotelaristeo.com\/fr\/wp-json\/wp\/v2\/users\/4"}],"replies":[{"embeddable":true,"href":"https:\/\/www.hotelaristeo.com\/fr\/wp-json\/wp\/v2\/comments?post=277"}],"version-history":[{"count":0,"href":"https:\/\/www.hotelaristeo.com\/fr\/wp-json\/wp\/v2\/pages\/277\/revisions"}],"wp:attachment":[{"href":"https:\/\/www.hotelaristeo.com\/fr\/wp-json\/wp\/v2\/media?parent=277"}],"curies":[{"name":"wp","href":"https:\/\/api.w.org\/{rel}","templated":true}]}}