{"id":271,"date":"2015-01-13T15:15:51","date_gmt":"2015-01-13T14:15:51","guid":{"rendered":"https:\/\/www.hotelaristeo.com\/ristorante-2\/"},"modified":"2020-01-09T17:39:45","modified_gmt":"2020-01-09T16:39:45","slug":"restaurant","status":"publish","type":"page","link":"https:\/\/www.hotelaristeo.com\/fr\/restaurant\/","title":{"rendered":"Restaurant"},"content":{"rendered":"<h2>Restaurant \u00ab\u00a0Isa\u00a0\u00bb<\/h2>\n<p>Notre Restaurant \u00ab\u00a0Isa\u00a0\u00bb r\u00e9nov\u00e9 jouit d\u2019une magnifique vue sur la mer. La cuisine est le point fort de l&rsquo;H\u00f4tel.<\/p>\n<p>Particuli\u00e8rement soign\u00e9e par nos soins, elle offre des menus au choix parmi trois plats de p\u00e2tes\u00a0 et trois plats de r\u00e9sistance, fruits et dessert, avec un buffet tr\u00e8s riche de l\u00e9gumes tous les jours.<\/p>\n\n\t\t<style type=\"text\/css\">\n\t\t\t#gallery-1 {\n\t\t\t\tmargin: auto;\n\t\t\t}\n\t\t\t#gallery-1 .gallery-item {\n\t\t\t\tfloat: left;\n\t\t\t\tmargin-top: 10px;\n\t\t\t\ttext-align: center;\n\t\t\t\twidth: 50%;\n\t\t\t}\n\t\t\t#gallery-1 img {\n\t\t\t\tborder: 2px solid #cfcfcf;\n\t\t\t}\n\t\t\t#gallery-1 .gallery-caption {\n\t\t\t\tmargin-left: 0;\n\t\t\t}\n\t\t\t\/* see gallery_shortcode() in wp-includes\/media.php *\/\n\t\t<\/style>\n\t\t<div id='gallery-1' class='gallery galleryid-271 gallery-columns-2 gallery-size-thumbnail'><dl class='gallery-item'>\n\t\t\t<dt class='gallery-icon landscape'>\n\t\t\t\t<a href='https:\/\/www.hotelaristeo.com\/wp-content\/uploads\/2015\/01\/R_IMG_8225.jpg' data-rel=\"shadowbox['gallery']\"><img loading=\"lazy\" decoding=\"async\" width=\"270\" height=\"177\" src=\"https:\/\/www.hotelaristeo.com\/wp-content\/uploads\/2015\/01\/R_IMG_8225-270x177.jpg\" class=\"attachment-thumbnail size-thumbnail\" alt=\"\" aria-describedby=\"gallery-1-424\" \/><\/a>\n\t\t\t<\/dt>\n\t\t\t\t<dd class='wp-caption-text gallery-caption' id='gallery-1-424'>\n\t\t\t\tIsa Il Ristorante\n\t\t\t\t<\/dd><\/dl><dl class='gallery-item'>\n\t\t\t<dt class='gallery-icon landscape'>\n\t\t\t\t<a href='https:\/\/www.hotelaristeo.com\/wp-content\/uploads\/2015\/01\/ristorante-gallery.jpg' data-rel=\"shadowbox['gallery']\"><img loading=\"lazy\" decoding=\"async\" width=\"270\" height=\"177\" src=\"https:\/\/www.hotelaristeo.com\/wp-content\/uploads\/2015\/01\/ristorante-gallery-270x177.jpg\" class=\"attachment-thumbnail size-thumbnail\" alt=\"\" aria-describedby=\"gallery-1-704\" \/><\/a>\n\t\t\t<\/dt>\n\t\t\t\t<dd class='wp-caption-text gallery-caption' id='gallery-1-704'>\n\t\t\t\tPuoi portare la tua colazione in piscina&#8230;\n\t\t\t\t<\/dd><\/dl><br style=\"clear: both\" \/>\n\t\t<\/div>\n\n<p>Notre <strong>Chef Paola<\/strong> qui nous suit depuis plus de 10 ans, s\u2019occupe \u00e9galement de la pr\u00e9paration des repas pour les enfants et tout petits en utilisant des aliments de toute premi\u00e8re qualit\u00e9.<\/p>\n\n\t\t<style type=\"text\/css\">\n\t\t\t#gallery-2 {\n\t\t\t\tmargin: auto;\n\t\t\t}\n\t\t\t#gallery-2 .gallery-item {\n\t\t\t\tfloat: left;\n\t\t\t\tmargin-top: 10px;\n\t\t\t\ttext-align: center;\n\t\t\t\twidth: 50%;\n\t\t\t}\n\t\t\t#gallery-2 img {\n\t\t\t\tborder: 2px solid #cfcfcf;\n\t\t\t}\n\t\t\t#gallery-2 .gallery-caption {\n\t\t\t\tmargin-left: 0;\n\t\t\t}\n\t\t\t\/* see gallery_shortcode() in wp-includes\/media.php *\/\n\t\t<\/style>\n\t\t<div id='gallery-2' class='gallery galleryid-271 gallery-columns-2 gallery-size-thumbnail'><dl class='gallery-item'>\n\t\t\t<dt class='gallery-icon landscape'>\n\t\t\t\t<a href='https:\/\/www.hotelaristeo.com\/wp-content\/uploads\/2015\/01\/R_IMG_8220.jpg' data-rel=\"shadowbox['gallery']\"><img loading=\"lazy\" decoding=\"async\" width=\"270\" height=\"177\" src=\"https:\/\/www.hotelaristeo.com\/wp-content\/uploads\/2015\/01\/R_IMG_8220-270x177.jpg\" class=\"attachment-thumbnail size-thumbnail\" alt=\"\" aria-describedby=\"gallery-2-421\" \/><\/a>\n\t\t\t<\/dt>\n\t\t\t\t<dd class='wp-caption-text gallery-caption' id='gallery-2-421'>\n\t\t\t\tOttima Selezione di vini di piccole cantine del nostro entroterra\n\t\t\t\t<\/dd><\/dl><dl class='gallery-item'>\n\t\t\t<dt class='gallery-icon landscape'>\n\t\t\t\t<a href='https:\/\/www.hotelaristeo.com\/wp-content\/uploads\/2015\/01\/R_IMG_8082.jpg' data-rel=\"shadowbox['gallery']\"><img loading=\"lazy\" decoding=\"async\" width=\"270\" height=\"177\" src=\"https:\/\/www.hotelaristeo.com\/wp-content\/uploads\/2015\/01\/R_IMG_8082-270x177.jpg\" class=\"attachment-thumbnail size-thumbnail\" alt=\"\" \/><\/a>\n\t\t\t<\/dt><\/dl><br style=\"clear: both\" \/>\n\t\t<\/div>\n\n","protected":false},"excerpt":{"rendered":"<p>Restaurant \u00ab\u00a0Isa\u00a0\u00bb Notre Restaurant \u00ab\u00a0Isa\u00a0\u00bb r\u00e9nov\u00e9 jouit d\u2019une magnifique vue sur la mer. La cuisine est le point fort de&#8230;<\/p>\n","protected":false},"author":4,"featured_media":0,"parent":0,"menu_order":0,"comment_status":"closed","ping_status":"closed","template":"","meta":{"_acf_changed":false},"class_list":["post-271","page","type-page","status-publish","hentry"],"acf":[],"aioseo_notices":[],"_links":{"self":[{"href":"https:\/\/www.hotelaristeo.com\/fr\/wp-json\/wp\/v2\/pages\/271","targetHints":{"allow":["GET"]}}],"collection":[{"href":"https:\/\/www.hotelaristeo.com\/fr\/wp-json\/wp\/v2\/pages"}],"about":[{"href":"https:\/\/www.hotelaristeo.com\/fr\/wp-json\/wp\/v2\/types\/page"}],"author":[{"embeddable":true,"href":"https:\/\/www.hotelaristeo.com\/fr\/wp-json\/wp\/v2\/users\/4"}],"replies":[{"embeddable":true,"href":"https:\/\/www.hotelaristeo.com\/fr\/wp-json\/wp\/v2\/comments?post=271"}],"version-history":[{"count":0,"href":"https:\/\/www.hotelaristeo.com\/fr\/wp-json\/wp\/v2\/pages\/271\/revisions"}],"wp:attachment":[{"href":"https:\/\/www.hotelaristeo.com\/fr\/wp-json\/wp\/v2\/media?parent=271"}],"curies":[{"name":"wp","href":"https:\/\/api.w.org\/{rel}","templated":true}]}}