{"id":269,"date":"2015-01-13T12:39:02","date_gmt":"2015-01-13T11:39:02","guid":{"rendered":"https:\/\/www.hotelaristeo.com\/ambienti-2\/"},"modified":"2023-09-28T12:45:00","modified_gmt":"2023-09-28T10:45:00","slug":"locaux","status":"publish","type":"page","link":"https:\/\/www.hotelaristeo.com\/fr\/locaux\/","title":{"rendered":"Pourquoi choisir l&rsquo;h\u00f4tel Aristeo"},"content":{"rendered":"<p>Vous pourrez vous d\u00e9tendre et vous sentir \u00e0 l&rsquo;aise, dans un environnement jeune et informel, nous voulons vous chouchouter et vous recommander les plus belles choses \u00e0 visiter et \u00e0 appr\u00e9cier !<br \/>\nNous sommes Romagnoli DOC et professionnels de l&rsquo;h\u00f4tellerie avec \u00ab\u00a0amour\u00a0\u00bb depuis 1958<\/p>\n<p><strong>Avec nous, vous pouvez vous sentir en s\u00e9curit\u00e9\u00a0!<\/strong><br \/>\nJe suis Federica, propri\u00e9taire de l&rsquo;h\u00f4tel et dipl\u00f4m\u00e9e en pharmacie : je souhaite vous apporter s\u00e9r\u00e9nit\u00e9 et s\u00e9curit\u00e9 et je vous garantis des normes d&rsquo;hygi\u00e8ne rigoureuses avec des protocoles de nettoyage pr\u00e9cis de votre chambre et des espaces communs.<\/p>\n<p><strong>Connexion wifi au TOP ! NOUVEAU 2022<\/strong><br \/>\nNouveau syst\u00e8me tr\u00e8s puissant qui rend votre connexion ultra rapide, gr\u00e2ce \u00e9galement \u00e0 la fibre optique !<\/p>\n<p><strong>Vous y trouverez une cuisine raffin\u00e9e avec service \u00e0 table<\/strong><br \/>\nNous attendons une prestation revisit\u00e9e, en phase avec ce moment \u00ab particulier \u00bb<br \/>\nNous veillerons \u00e0 ce que la salle soit continuellement d\u00e9sinfect\u00e9e, avec plus d&rsquo;espaces entre les tables et des horaires d&rsquo;ouverture plus flexibles.<br \/>\nCependant, nous saurons vous surprendre avec les saveurs de notre Romagne avec des plats authentiques, utilisant des ingr\u00e9dients de qualit\u00e9, cuisin\u00e9s avec amour et attention, avec un service \u00e0 table rapide et attentionn\u00e9.<br \/>\nTous les desserts sont faits maison car nous aimons la simplicit\u00e9 des bonnes choses<br \/>\nNotre philosophie est de CUISINER avec amour et avec des ingr\u00e9dients naturels<\/p>\n<p><strong>Vous pr\u00e9f\u00e9rez un d\u00e9jeuner \u00e0 emporter ?<\/strong><br \/>\nDes menus savoureux \u00e0 d\u00e9guster au bord de la mer, au bord de la piscine, dans le jardin, dans notre salle gazebo donnant sur la piscine, ou sur notre grande plage, \u00e9galement \u00e9quip\u00e9e de tables et de chaises.<\/p>\n<p><strong>D\u00e9sinfection et nettoyage des chambres<\/strong><br \/>\nLa chambre vous sera livr\u00e9e apr\u00e8s une d\u00e9sinfection minutieuse, vous pouvez vous sentir super prot\u00e9g\u00e9\u00a0!<\/p>\n<p><strong>Vous venez en voiture ?<\/strong><br \/>\nVous pouvez choisir le confort de notre parking priv\u00e9 payant, sous vid\u00e9osurveillance avec espace num\u00e9rot\u00e9 \u00e0 usage exclusif : vous pouvez entrer et sortir librement et disposer toujours d&rsquo;une place r\u00e9serv\u00e9e pour votre voiture.<\/p>\n<p><strong>Vous aimez le v\u00e9lo ?<\/strong><br \/>\nNous avons des v\u00e9los pour vous, disponibles 2 heures par jour.<br \/>\nEn vous promenant dans notre ville, vous d\u00e9couvrirez que Rimini est plus belle que vous ne pouvez l&rsquo;imaginer !<br \/>\nPossibilit\u00e9 \u00e9galement de merveilleuses randonn\u00e9es \u00e0 v\u00e9lo organis\u00e9es avec des guides super form\u00e9s et des v\u00e9los \u00e9lectriques (payant)<\/p>\n<p><strong>Envie d&rsquo;un c\u00e2lin rien que pour vous ?<\/strong><br \/>\nLes mains expertes de notre masseuse experte Paola sauront vous offrir un moment de grand bien-\u00eatre et de d\u00e9tente. Vous pouvez choisir le type de massage que vous pr\u00e9f\u00e9rez et vous laisser dorloter.<\/p>\n<p><strong>Nous vous offrons la serviette de plage et le sac de plage\u00a0!<\/strong><br \/>\nSi vous choisissez le service plage, nous vous donnerons la serviette et le sac de plage \u00e0 utiliser pendant votre s\u00e9jour !<\/p>\n<p><strong>Nager souvent dans la piscine m\u00eame le soir !<\/strong><br \/>\nimaginez-vous plonger dans notre piscine, avec le bien-\u00eatre que seule l&rsquo;eau hydrosaline peut procurer, ou caress\u00e9 par les bulles du jacuzzi\u00a0:\u00a0vous pouvez vous abandonner \u00e0 la d\u00e9tente\u00a0!<\/p>\n<p><strong>Pr\u00e8s du M\u00e9tromare<\/strong><br \/>\nA 200 m\u00e8tres de l&rsquo;h\u00f4tel vous trouverez la station de m\u00e9tro Costa : en 5 minutes vous \u00eates dans le centre historique et en 15 minutes vous arrivez \u00e0 Riccione !<\/p>\n<p><strong>Terrasse panoramique : magnifique vue depuis le 7\u00e8me \u00e9tage de l&rsquo;h\u00f4tel !<\/strong><br \/>\nProfitez d&rsquo;un moment sp\u00e9cial et super romantique ! La vue de l\u00e0-haut vous laissera bouche b\u00e9e. Demandez-nous de vous connecter !<\/p>\n<p><strong>L\u2019\u00e9nergie propre dans notre h\u00f4tel : Actualit\u00e9s 2023<\/strong><br \/>\nL&rsquo;eau chaude de votre douche provient du soleil gr\u00e2ce \u00e0 nos panneaux solaires thermiques. Du photovolta\u00efque sur le toit pour la lumi\u00e8re !<\/p>\n<p>Dans le hall, il y a deux entr\u00e9es, l&rsquo;une directe \u00e0 la plage, l&rsquo;autre sur Viale Regina Elena o\u00f9 magasins, glaciers, petits pubs offriront un cadre amusant pour vos promenades nocturnes.<\/p>\n<p>Les environnements et le soin apport\u00e9 aux espaces font de l&rsquo;h\u00f4tel l&rsquo;un des h\u00f4tels trois \u00e9toiles les plus agr\u00e9ables de Rimini, parmi les h\u00f4tels trois \u00e9toiles les plus complets de Rimini, tant pour les services offerts que pour la structure, attentive aux besoins des clients.<\/p>\n\n\t\t<style type=\"text\/css\">\n\t\t\t#gallery-1 {\n\t\t\t\tmargin: auto;\n\t\t\t}\n\t\t\t#gallery-1 .gallery-item {\n\t\t\t\tfloat: left;\n\t\t\t\tmargin-top: 10px;\n\t\t\t\ttext-align: center;\n\t\t\t\twidth: 50%;\n\t\t\t}\n\t\t\t#gallery-1 img {\n\t\t\t\tborder: 2px solid #cfcfcf;\n\t\t\t}\n\t\t\t#gallery-1 .gallery-caption {\n\t\t\t\tmargin-left: 0;\n\t\t\t}\n\t\t\t\/* see gallery_shortcode() in wp-includes\/media.php *\/\n\t\t<\/style>\n\t\t<div id='gallery-1' class='gallery galleryid-269 gallery-columns-2 gallery-size-thumbnail'><dl class='gallery-item'>\n\t\t\t<dt class='gallery-icon landscape'>\n\t\t\t\t<a href='https:\/\/www.hotelaristeo.com\/wp-content\/uploads\/2015\/01\/IMG_8269.jpg' data-rel=\"shadowbox['gallery']\"><img loading=\"lazy\" decoding=\"async\" width=\"270\" height=\"177\" src=\"https:\/\/www.hotelaristeo.com\/wp-content\/uploads\/2015\/01\/IMG_8269-270x177.jpg\" class=\"attachment-thumbnail size-thumbnail\" alt=\"\" \/><\/a>\n\t\t\t<\/dt><\/dl><dl class='gallery-item'>\n\t\t\t<dt class='gallery-icon portrait'>\n\t\t\t\t<a href='https:\/\/www.hotelaristeo.com\/wp-content\/uploads\/2015\/01\/IMG_8251.jpg' data-rel=\"shadowbox['gallery']\"><img loading=\"lazy\" decoding=\"async\" width=\"270\" height=\"177\" src=\"https:\/\/www.hotelaristeo.com\/wp-content\/uploads\/2015\/01\/IMG_8251-270x177.jpg\" class=\"attachment-thumbnail size-thumbnail\" alt=\"\" aria-describedby=\"gallery-1-385\" \/><\/a>\n\t\t\t<\/dt>\n\t\t\t\t<dd class='wp-caption-text gallery-caption' id='gallery-1-385'>\n\t\t\t\tMusica e relax nell&rsquo;hall\n\t\t\t\t<\/dd><\/dl><br style=\"clear: both\" \/>\n\t\t<\/div>\n\n<p>&nbsp;<\/p>\n<p>&nbsp;<\/p>\n","protected":false},"excerpt":{"rendered":"<p>Vous pourrez vous d\u00e9tendre et vous sentir \u00e0 l&rsquo;aise, dans un environnement jeune et informel, nous voulons vous chouchouter et&#8230;<\/p>\n","protected":false},"author":4,"featured_media":0,"parent":0,"menu_order":0,"comment_status":"closed","ping_status":"closed","template":"","meta":{"_acf_changed":false},"class_list":["post-269","page","type-page","status-publish","hentry"],"acf":[],"aioseo_notices":[],"_links":{"self":[{"href":"https:\/\/www.hotelaristeo.com\/fr\/wp-json\/wp\/v2\/pages\/269","targetHints":{"allow":["GET"]}}],"collection":[{"href":"https:\/\/www.hotelaristeo.com\/fr\/wp-json\/wp\/v2\/pages"}],"about":[{"href":"https:\/\/www.hotelaristeo.com\/fr\/wp-json\/wp\/v2\/types\/page"}],"author":[{"embeddable":true,"href":"https:\/\/www.hotelaristeo.com\/fr\/wp-json\/wp\/v2\/users\/4"}],"replies":[{"embeddable":true,"href":"https:\/\/www.hotelaristeo.com\/fr\/wp-json\/wp\/v2\/comments?post=269"}],"version-history":[{"count":0,"href":"https:\/\/www.hotelaristeo.com\/fr\/wp-json\/wp\/v2\/pages\/269\/revisions"}],"wp:attachment":[{"href":"https:\/\/www.hotelaristeo.com\/fr\/wp-json\/wp\/v2\/media?parent=269"}],"curies":[{"name":"wp","href":"https:\/\/api.w.org\/{rel}","templated":true}]}}