{"id":613,"date":"2014-03-18T10:53:05","date_gmt":"2014-03-18T09:53:05","guid":{"rendered":"https:\/\/www.hotelaristeo.com\/informativa-sulla-privacy-2\/"},"modified":"2015-02-20T11:10:59","modified_gmt":"2015-02-20T10:10:59","slug":"privacy","status":"publish","type":"page","link":"https:\/\/www.hotelaristeo.com\/de\/privacy\/","title":{"rendered":"Privacy policy"},"content":{"rendered":"<p>Ihre pers\u00f6nlichen Daten, insbesondere Ihre E-Mail mit dem alleinigen Zweck der F\u00f6rderung von T\u00e4tigkeiten und Dienstleistungen des Hotels.<\/p>\n<p>Die Daten sind nicht sehr weit verbreitet und werden vertraulich behandelt und durch manuelle und \/ oder den Computer neu, und von den Spielern, was die Arbeitnehmer, sofern die Mindestgr\u00f6\u00dfe von Ma\u00dfnahmen zur Gefahrenabwehr. Zu jeder Zeit k\u00f6nnen Sie Wahrnehmung Ihrer Rechte nach Artikel 7 der genannten Verordnung (Zugang, anderung, Integration, L\u00f6schung, usw..) Senden an: info@hotelaristeo.com<\/p>\n","protected":false},"excerpt":{"rendered":"<p>Ihre pers\u00f6nlichen Daten, insbesondere Ihre E-Mail mit dem alleinigen Zweck der F\u00f6rderung von T\u00e4tigkeiten und Dienstleistungen des Hotels. Die Daten&#8230;<\/p>\n","protected":false},"author":4,"featured_media":0,"parent":0,"menu_order":0,"comment_status":"closed","ping_status":"closed","template":"template.iscrizione-alla-newsletter.php","meta":{"_acf_changed":false},"class_list":["post-613","page","type-page","status-publish","hentry"],"acf":[],"aioseo_notices":[],"_links":{"self":[{"href":"https:\/\/www.hotelaristeo.com\/de\/wp-json\/wp\/v2\/pages\/613","targetHints":{"allow":["GET"]}}],"collection":[{"href":"https:\/\/www.hotelaristeo.com\/de\/wp-json\/wp\/v2\/pages"}],"about":[{"href":"https:\/\/www.hotelaristeo.com\/de\/wp-json\/wp\/v2\/types\/page"}],"author":[{"embeddable":true,"href":"https:\/\/www.hotelaristeo.com\/de\/wp-json\/wp\/v2\/users\/4"}],"replies":[{"embeddable":true,"href":"https:\/\/www.hotelaristeo.com\/de\/wp-json\/wp\/v2\/comments?post=613"}],"version-history":[{"count":0,"href":"https:\/\/www.hotelaristeo.com\/de\/wp-json\/wp\/v2\/pages\/613\/revisions"}],"wp:attachment":[{"href":"https:\/\/www.hotelaristeo.com\/de\/wp-json\/wp\/v2\/media?parent=613"}],"curies":[{"name":"wp","href":"https:\/\/api.w.org\/{rel}","templated":true}]}}