{"id":547,"date":"2015-01-13T15:15:51","date_gmt":"2015-01-13T14:15:51","guid":{"rendered":"https:\/\/www.hotelaristeo.com\/ristorante-2\/"},"modified":"2020-01-09T17:40:29","modified_gmt":"2020-01-09T16:40:29","slug":"restaurant","status":"publish","type":"page","link":"https:\/\/www.hotelaristeo.com\/de\/restaurant\/","title":{"rendered":"Restaurant"},"content":{"rendered":"<h2>&#8222;Isa&#8220; Restaurant<\/h2>\n<p>Unser <strong>Restaurant &#8222;Isa&#8220;<\/strong> verf\u00fcgt \u00fcber einen wunderbaren Meeresblick; die K\u00fcche ist insbesondere wichtig f\u00fcr uns, und bietet 3 ersten G\u00e4nge und 3 zweite G\u00e4nge jeden Tag, Gem\u00fcsebuffet, S\u00fcssen, Kuchen, Eis und Fr\u00fcchte.<\/p>\n\n\t\t<style type=\"text\/css\">\n\t\t\t#gallery-1 {\n\t\t\t\tmargin: auto;\n\t\t\t}\n\t\t\t#gallery-1 .gallery-item {\n\t\t\t\tfloat: left;\n\t\t\t\tmargin-top: 10px;\n\t\t\t\ttext-align: center;\n\t\t\t\twidth: 50%;\n\t\t\t}\n\t\t\t#gallery-1 img {\n\t\t\t\tborder: 2px solid #cfcfcf;\n\t\t\t}\n\t\t\t#gallery-1 .gallery-caption {\n\t\t\t\tmargin-left: 0;\n\t\t\t}\n\t\t\t\/* see gallery_shortcode() in wp-includes\/media.php *\/\n\t\t<\/style>\n\t\t<div id='gallery-1' class='gallery galleryid-547 gallery-columns-2 gallery-size-thumbnail'><dl class='gallery-item'>\n\t\t\t<dt class='gallery-icon landscape'>\n\t\t\t\t<a href='https:\/\/www.hotelaristeo.com\/wp-content\/uploads\/2015\/01\/R_IMG_8225.jpg' data-rel=\"shadowbox['gallery']\"><img loading=\"lazy\" decoding=\"async\" width=\"270\" height=\"177\" src=\"https:\/\/www.hotelaristeo.com\/wp-content\/uploads\/2015\/01\/R_IMG_8225-270x177.jpg\" class=\"attachment-thumbnail size-thumbnail\" alt=\"\" aria-describedby=\"gallery-1-425\" \/><\/a>\n\t\t\t<\/dt>\n\t\t\t\t<dd class='wp-caption-text gallery-caption' id='gallery-1-425'>\n\t\t\t\tIsa Il Ristorante\n\t\t\t\t<\/dd><\/dl><dl class='gallery-item'>\n\t\t\t<dt class='gallery-icon landscape'>\n\t\t\t\t<a href='https:\/\/www.hotelaristeo.com\/wp-content\/uploads\/2015\/01\/ristorante-gallery.jpg' data-rel=\"shadowbox['gallery']\"><img loading=\"lazy\" decoding=\"async\" width=\"270\" height=\"177\" src=\"https:\/\/www.hotelaristeo.com\/wp-content\/uploads\/2015\/01\/ristorante-gallery-270x177.jpg\" class=\"attachment-thumbnail size-thumbnail\" alt=\"\" aria-describedby=\"gallery-1-705\" \/><\/a>\n\t\t\t<\/dt>\n\t\t\t\t<dd class='wp-caption-text gallery-caption' id='gallery-1-705'>\n\t\t\t\tPuoi portare la tua colazione in piscina&#8230;\n\t\t\t\t<\/dd><\/dl><br style=\"clear: both\" \/>\n\t\t<\/div>\n\n<p>Das Menu ist jeden Tag gew\u00e4hlt von Frau Isa, die besitzerin Des Hotels, mit Beachtung zur Tradition aber auch zu den neuen Tendenzen.<\/p>\n<p>Die Nudeln, die Lasagne, die Strozzapreti, dia Piadina aber auch Fisch sind die Blume zum Knopflochunseres Hotels.<\/p>\n\n\t\t<style type=\"text\/css\">\n\t\t\t#gallery-2 {\n\t\t\t\tmargin: auto;\n\t\t\t}\n\t\t\t#gallery-2 .gallery-item {\n\t\t\t\tfloat: left;\n\t\t\t\tmargin-top: 10px;\n\t\t\t\ttext-align: center;\n\t\t\t\twidth: 50%;\n\t\t\t}\n\t\t\t#gallery-2 img {\n\t\t\t\tborder: 2px solid #cfcfcf;\n\t\t\t}\n\t\t\t#gallery-2 .gallery-caption {\n\t\t\t\tmargin-left: 0;\n\t\t\t}\n\t\t\t\/* see gallery_shortcode() in wp-includes\/media.php *\/\n\t\t<\/style>\n\t\t<div id='gallery-2' class='gallery galleryid-547 gallery-columns-2 gallery-size-thumbnail'><dl class='gallery-item'>\n\t\t\t<dt class='gallery-icon landscape'>\n\t\t\t\t<a href='https:\/\/www.hotelaristeo.com\/wp-content\/uploads\/2015\/01\/R_IMG_8220.jpg' data-rel=\"shadowbox['gallery']\"><img loading=\"lazy\" decoding=\"async\" width=\"270\" height=\"177\" src=\"https:\/\/www.hotelaristeo.com\/wp-content\/uploads\/2015\/01\/R_IMG_8220-270x177.jpg\" class=\"attachment-thumbnail size-thumbnail\" alt=\"\" aria-describedby=\"gallery-2-422\" \/><\/a>\n\t\t\t<\/dt>\n\t\t\t\t<dd class='wp-caption-text gallery-caption' id='gallery-2-422'>\n\t\t\t\tOttima Selezione di vini di piccole cantine del nostro entroterra\n\t\t\t\t<\/dd><\/dl><dl class='gallery-item'>\n\t\t\t<dt class='gallery-icon landscape'>\n\t\t\t\t<a href='https:\/\/www.hotelaristeo.com\/wp-content\/uploads\/2015\/01\/R_IMG_8082.jpg' data-rel=\"shadowbox['gallery']\"><img loading=\"lazy\" decoding=\"async\" width=\"270\" height=\"177\" src=\"https:\/\/www.hotelaristeo.com\/wp-content\/uploads\/2015\/01\/R_IMG_8082-270x177.jpg\" class=\"attachment-thumbnail size-thumbnail\" alt=\"\" \/><\/a>\n\t\t\t<\/dt><\/dl><br style=\"clear: both\" \/>\n\t\t<\/div>\n\n<p>Jede Woche romantische Abendessen bei Kerzenschein werden organisiert.<\/p>\n","protected":false},"excerpt":{"rendered":"<p>&#8222;Isa&#8220; Restaurant Unser Restaurant &#8222;Isa&#8220; verf\u00fcgt \u00fcber einen wunderbaren Meeresblick; die K\u00fcche ist insbesondere wichtig f\u00fcr uns, und bietet 3&#8230;<\/p>\n","protected":false},"author":4,"featured_media":0,"parent":0,"menu_order":0,"comment_status":"closed","ping_status":"closed","template":"","meta":{"_acf_changed":false},"class_list":["post-547","page","type-page","status-publish","hentry"],"acf":[],"aioseo_notices":[],"_links":{"self":[{"href":"https:\/\/www.hotelaristeo.com\/de\/wp-json\/wp\/v2\/pages\/547","targetHints":{"allow":["GET"]}}],"collection":[{"href":"https:\/\/www.hotelaristeo.com\/de\/wp-json\/wp\/v2\/pages"}],"about":[{"href":"https:\/\/www.hotelaristeo.com\/de\/wp-json\/wp\/v2\/types\/page"}],"author":[{"embeddable":true,"href":"https:\/\/www.hotelaristeo.com\/de\/wp-json\/wp\/v2\/users\/4"}],"replies":[{"embeddable":true,"href":"https:\/\/www.hotelaristeo.com\/de\/wp-json\/wp\/v2\/comments?post=547"}],"version-history":[{"count":0,"href":"https:\/\/www.hotelaristeo.com\/de\/wp-json\/wp\/v2\/pages\/547\/revisions"}],"wp:attachment":[{"href":"https:\/\/www.hotelaristeo.com\/de\/wp-json\/wp\/v2\/media?parent=547"}],"curies":[{"name":"wp","href":"https:\/\/api.w.org\/{rel}","templated":true}]}}