{"id":545,"date":"2015-01-13T12:39:02","date_gmt":"2015-01-13T11:39:02","guid":{"rendered":"https:\/\/www.hotelaristeo.com\/ambienti-2\/"},"modified":"2023-09-28T12:42:53","modified_gmt":"2023-09-28T10:42:53","slug":"lokale","status":"publish","type":"page","link":"https:\/\/www.hotelaristeo.com\/de\/lokale\/","title":{"rendered":"Warum das Hotel Aristeo w\u00e4hlen?"},"content":{"rendered":"<p>&nbsp;<\/p>\n<p>Sie k\u00f6nnen sich entspannen und wohlf\u00fchlen, in einer jungen und famili\u00e4ren Atmosph\u00e4re m\u00f6chten wir Sie verw\u00f6hnen und Ihnen die sch\u00f6nsten Dinge zum Besuchen und Genie\u00dfen empfehlen!<br \/>\nWir sind Romagnoli DOC und Gastronomieprofis mit \u201eLiebe\u201c seit 1958<\/p>\n<p><strong>Bei uns k\u00f6nnen Sie sich sicher f\u00fchlen!<\/strong><br \/>\nIch bin Federica, Besitzerin des Hotels und mit einem Abschluss in Pharmazie: Ich m\u00f6chte Ihnen Ruhe und Sicherheit geben und garantiere Ihnen sorgf\u00e4ltige Hygienestandards mit pr\u00e4zisen Reinigungsprotokollen f\u00fcr Ihr Zimmer und Ihre \u00f6ffentlichen Bereiche<\/p>\n<p><strong>TOP WLAN-Verbindung!\u00a0<\/strong><br \/>\nNeues, sehr leistungsstarkes System, das Ihre Verbindung superschnell macht, auch dank Glasfaser!<\/p>\n<p>Sie finden eine raffinierte K\u00fcche mit Tischservice<br \/>\nWir erwarten einen \u00fcberarbeiteten Gottesdienst, der diesem \u201ebesonderen\u201c Moment entspricht<br \/>\nWir sorgen daf\u00fcr, dass der Raum kontinuierlich desinfiziert wird, mit mehr Platz zwischen den Tischen und flexibleren \u00d6ffnungszeiten.<br \/>\nWir k\u00f6nnen Sie jedoch mit den Aromen unserer Romagna mit authentischen Gerichten \u00fcberraschen, die aus hochwertigen Zutaten bestehen, mit Liebe und Aufmerksamkeit zubereitet werden und einen schnellen und aufmerksamen Tischservice bieten.<br \/>\nAlle Desserts sind hausgemacht, weil wir die Einfachheit guter Dinge lieben<br \/>\nUnsere Philosophie ist es, mit Liebe und nat\u00fcrlichen Zutaten zu kochen<\/p>\n<p><strong>Bevorzugen Sie ein Mittagessen zum Mitnehmen?<\/strong><br \/>\nLeckere Men\u00fcs zum Genie\u00dfen am Meer, am Pool, im Garten, in unserem Pavillon mit Blick auf den Pool oder an unserem gro\u00dfen Strand, der ebenfalls mit Tischen und St\u00fchlen ausgestattet ist.<\/p>\n<p><strong>Desinfektion und Reinigung von R\u00e4umen<\/strong><br \/>\nDas Zimmer wird Ihnen nach sorgf\u00e4ltiger Desinfektion \u00fcbergeben \u2013 Sie k\u00f6nnen sich super gesch\u00fctzt f\u00fchlen!<\/p>\n<p><strong>Kommen Sie mit dem Auto?<\/strong><br \/>\nSie k\u00f6nnen den Komfort unseres privaten, kostenpflichtigen Parkplatzes mit Video\u00fcberwachung und nummeriertem Parkplatz zur exklusiven Nutzung w\u00e4hlen<\/p>\n<p><strong>Magst du Radfahren?<\/strong><br \/>\nWir stellen Ihnen 2 Stunden am Tag Fahrr\u00e4der zur Verf\u00fcgung.<br \/>\nWenn Sie durch unsere Stadt schlendern, werden Sie feststellen, dass Rimini sch\u00f6ner ist, als Sie sich vorstellen k\u00f6nnen!<br \/>\nAuch M\u00f6glichkeit wunderbar organisierter Radtouren mit bestens ausgebildeten Guides und E-Bikes (gegen Geb\u00fchr)<\/p>\n<p><strong>M\u00f6chten Sie ganz f\u00fcr sich alleine kuscheln?<\/strong><br \/>\nDie erfahrenen H\u00e4nde unserer erfahrenen Masseurin Paola k\u00f6nnen Ihnen einen Moment des Wohlbefindens und der Entspannung schenken. Sie k\u00f6nnen die Art der Massage w\u00e4hlen, die Sie bevorzugen, und sich verw\u00f6hnen lassen.<\/p>\n<p><strong>Wir schenken Ihnen das Strandtuch und die Strandtasche!<\/strong><br \/>\nWenn Sie sich f\u00fcr den Strandservice entscheiden, stellen wir Ihnen ein Handtuch und eine Strandtasche zur Verf\u00fcgung, die Sie w\u00e4hrend Ihres Aufenthalts nutzen k\u00f6nnen!<\/p>\n<p><strong>Oft sogar abends im Pool schwimmen!<\/strong><br \/>\nStellen Sie sich vor, Sie tauchen in unser Schwimmbad ein, mit dem Wohlbefinden, das nur Salzwasser bieten kann, oder umschmeichelt die Blasen des Whirlpools: \u00a0Sie k\u00f6nnen sich der Entspannung hingeben!<\/p>\n<p><strong>In der N\u00e4he des Metromare<\/strong><br \/>\n200 Meter vom Hotel entfernt finden Sie die U-Bahn-Station Costa: In 5 Minuten sind Sie im historischen Zentrum und in 15 Minuten in Riccione!<\/p>\n<p><strong>Panoramaterrasse: herrlicher Ausblick aus der 7. Etage des Hotels!<\/strong><br \/>\nGenie\u00dfen Sie einen besonderen und superromantischen Moment! Der Ausblick von dort oben l\u00e4sst einem die Kinnlade herunterfallen. Bitten Sie uns, uns einzuloggen!<\/p>\n<p><strong>Saubere Energie in unserem Hotel: Neuigkeiten f\u00fcr 2023<\/strong><br \/>\nDank unserer Solarthermie kommt das Warmwasser f\u00fcr Ihre Dusche von der Sonne. Photovoltaik auf dem Dach f\u00fcr Licht!<\/p>\n<p>In der Halle gibt es zwei Eing\u00e4nge, einer direkt zum Strand, der andere zur Viale Regina Elena, wo Gesch\u00e4fte, Eisdielen und kleine Pubs einen unterhaltsamen Rahmen f\u00fcr Ihre Abendspazierg\u00e4nge bieten.<\/p>\n<p>Die Umgebung und die Pflege der R\u00e4ume machen das Hotel zu einem der sch\u00f6nsten Drei-Sterne-Hotels in Rimini und zu den umfassendsten Drei-Sterne-Hotels in Rimini, sowohl was die angebotenen Dienstleistungen als auch die Struktur betrifft, die auf die Bed\u00fcrfnisse der Kunden eingeht.<\/p>\n\n\t\t<style type=\"text\/css\">\n\t\t\t#gallery-1 {\n\t\t\t\tmargin: auto;\n\t\t\t}\n\t\t\t#gallery-1 .gallery-item {\n\t\t\t\tfloat: left;\n\t\t\t\tmargin-top: 10px;\n\t\t\t\ttext-align: center;\n\t\t\t\twidth: 50%;\n\t\t\t}\n\t\t\t#gallery-1 img {\n\t\t\t\tborder: 2px solid #cfcfcf;\n\t\t\t}\n\t\t\t#gallery-1 .gallery-caption {\n\t\t\t\tmargin-left: 0;\n\t\t\t}\n\t\t\t\/* see gallery_shortcode() in wp-includes\/media.php *\/\n\t\t<\/style>\n\t\t<div id='gallery-1' class='gallery galleryid-545 gallery-columns-2 gallery-size-thumbnail'><dl class='gallery-item'>\n\t\t\t<dt class='gallery-icon landscape'>\n\t\t\t\t<a href='https:\/\/www.hotelaristeo.com\/wp-content\/uploads\/2015\/01\/IMG_8269.jpg' data-rel=\"shadowbox['gallery']\"><img loading=\"lazy\" decoding=\"async\" width=\"270\" height=\"177\" src=\"https:\/\/www.hotelaristeo.com\/wp-content\/uploads\/2015\/01\/IMG_8269-270x177.jpg\" class=\"attachment-thumbnail size-thumbnail\" alt=\"\" \/><\/a>\n\t\t\t<\/dt><\/dl><dl class='gallery-item'>\n\t\t\t<dt class='gallery-icon portrait'>\n\t\t\t\t<a href='https:\/\/www.hotelaristeo.com\/wp-content\/uploads\/2015\/01\/IMG_8251.jpg' data-rel=\"shadowbox['gallery']\"><img loading=\"lazy\" decoding=\"async\" width=\"270\" height=\"177\" src=\"https:\/\/www.hotelaristeo.com\/wp-content\/uploads\/2015\/01\/IMG_8251-270x177.jpg\" class=\"attachment-thumbnail size-thumbnail\" alt=\"\" aria-describedby=\"gallery-1-386\" \/><\/a>\n\t\t\t<\/dt>\n\t\t\t\t<dd class='wp-caption-text gallery-caption' id='gallery-1-386'>\n\t\t\t\tMusica e relax nell&#8217;hall\n\t\t\t\t<\/dd><\/dl><br style=\"clear: both\" \/>\n\t\t<\/div>\n\n<p>&nbsp;<\/p>\n","protected":false},"excerpt":{"rendered":"<p>&nbsp; Sie k\u00f6nnen sich entspannen und wohlf\u00fchlen, in einer jungen und famili\u00e4ren Atmosph\u00e4re m\u00f6chten wir Sie verw\u00f6hnen und Ihnen die&#8230;<\/p>\n","protected":false},"author":4,"featured_media":0,"parent":0,"menu_order":0,"comment_status":"closed","ping_status":"closed","template":"","meta":{"_acf_changed":false},"class_list":["post-545","page","type-page","status-publish","hentry"],"acf":[],"aioseo_notices":[],"_links":{"self":[{"href":"https:\/\/www.hotelaristeo.com\/de\/wp-json\/wp\/v2\/pages\/545","targetHints":{"allow":["GET"]}}],"collection":[{"href":"https:\/\/www.hotelaristeo.com\/de\/wp-json\/wp\/v2\/pages"}],"about":[{"href":"https:\/\/www.hotelaristeo.com\/de\/wp-json\/wp\/v2\/types\/page"}],"author":[{"embeddable":true,"href":"https:\/\/www.hotelaristeo.com\/de\/wp-json\/wp\/v2\/users\/4"}],"replies":[{"embeddable":true,"href":"https:\/\/www.hotelaristeo.com\/de\/wp-json\/wp\/v2\/comments?post=545"}],"version-history":[{"count":0,"href":"https:\/\/www.hotelaristeo.com\/de\/wp-json\/wp\/v2\/pages\/545\/revisions"}],"wp:attachment":[{"href":"https:\/\/www.hotelaristeo.com\/de\/wp-json\/wp\/v2\/media?parent=545"}],"curies":[{"name":"wp","href":"https:\/\/api.w.org\/{rel}","templated":true}]}}