{"id":540,"date":"2013-07-09T12:41:08","date_gmt":"2013-07-09T12:41:08","guid":{"rendered":"https:\/\/www.hotelaristeo.com\/home-2\/"},"modified":"2023-09-28T12:23:28","modified_gmt":"2023-09-28T10:23:28","slug":"home","status":"publish","type":"page","link":"https:\/\/www.hotelaristeo.com\/de\/","title":{"rendered":"Willkommen zum Hotel Aristeo"},"content":{"rendered":"<h2>In Rimini direkt am Meer&#8230;<\/h2>\n<p>Das Hotel, <strong>auf der Ersten Linie zum Strand<\/strong>, verf\u00fcgt \u00fcber <strong>gr\u00f6ssen privaten Parking<\/strong>, Schwimmbad, geheizte Hydrowanne und Garten.<\/p>\n<p>Das Hotel ist ganz renoviert in 2006 worden, und bietet h\u00f6he Qualit\u00e4t des Service an in einem bequemem und gem\u00fctlichem Milieu; es befindet sich in einer zentralen Zone, ideal f\u00fcr Ihr Shopping und Freizeit.<\/p>\n\n\t\t<style type=\"text\/css\">\n\t\t\t#gallery-1 {\n\t\t\t\tmargin: auto;\n\t\t\t}\n\t\t\t#gallery-1 .gallery-item {\n\t\t\t\tfloat: left;\n\t\t\t\tmargin-top: 10px;\n\t\t\t\ttext-align: center;\n\t\t\t\twidth: 50%;\n\t\t\t}\n\t\t\t#gallery-1 img {\n\t\t\t\tborder: 2px solid #cfcfcf;\n\t\t\t}\n\t\t\t#gallery-1 .gallery-caption {\n\t\t\t\tmargin-left: 0;\n\t\t\t}\n\t\t\t\/* see gallery_shortcode() in wp-includes\/media.php *\/\n\t\t<\/style>\n\t\t<div id='gallery-1' class='gallery galleryid-540 gallery-columns-2 gallery-size-thumbnail'><dl class='gallery-item'>\n\t\t\t<dt class='gallery-icon landscape'>\n\t\t\t\t<a href='https:\/\/www.hotelaristeo.com\/wp-content\/uploads\/2013\/07\/DSC_0224.jpg' data-rel=\"shadowbox['gallery']\"><img loading=\"lazy\" decoding=\"async\" width=\"270\" height=\"177\" src=\"https:\/\/www.hotelaristeo.com\/wp-content\/uploads\/2013\/07\/DSC_0224-270x177.jpg\" class=\"attachment-thumbnail size-thumbnail\" alt=\"\" aria-describedby=\"gallery-1-344\" \/><\/a>\n\t\t\t<\/dt>\n\t\t\t\t<dd class='wp-caption-text gallery-caption' id='gallery-1-344'>\n\t\t\t\tSiamo sul mare!\n\t\t\t\t<\/dd><\/dl><dl class='gallery-item'>\n\t\t\t<dt class='gallery-icon landscape'>\n\t\t\t\t<a href='https:\/\/www.hotelaristeo.com\/wp-content\/uploads\/2013\/07\/IMG_8105.jpg' data-rel=\"shadowbox['gallery']\"><img loading=\"lazy\" decoding=\"async\" width=\"270\" height=\"177\" src=\"https:\/\/www.hotelaristeo.com\/wp-content\/uploads\/2013\/07\/IMG_8105-270x177.jpg\" class=\"attachment-thumbnail size-thumbnail\" alt=\"\" \/><\/a>\n\t\t\t<\/dt><\/dl><br style=\"clear: both\" \/>\n\t\t<\/div>\n\n<p>Wir sind nur 7 Km vom Rimini Messe, 2,5 Km vom Kongressenpalast und 1,5 Km vom 105 Stadium.<br \/>\nWir, Familie Zaghini, lieben unsere Arbeit und sind Beruft\u00e4tige seit 3 Generationen; wir sind besitzer und F\u00fchrer des Hotels seit 1968 und, zusammen mit unserem Staff, werden jede Frage erf\u00fcllen um Ihren Aufenthalt unvergesslich zu machen!<\/p>\n<p><strong>Das Hotel Aristeo ist dies und viel anderes&#8230;das 3 Sterne mit dem Service des 4 Sterne!!!<\/strong><\/p>\n","protected":false},"excerpt":{"rendered":"<p>In Rimini direkt am Meer&#8230; Das Hotel, auf der Ersten Linie zum Strand, verf\u00fcgt \u00fcber gr\u00f6ssen privaten Parking, Schwimmbad, geheizte&#8230;<\/p>\n","protected":false},"author":4,"featured_media":0,"parent":0,"menu_order":3,"comment_status":"closed","ping_status":"closed","template":"","meta":{"_acf_changed":false},"class_list":["post-540","page","type-page","status-publish","hentry"],"acf":[],"aioseo_notices":[],"_links":{"self":[{"href":"https:\/\/www.hotelaristeo.com\/de\/wp-json\/wp\/v2\/pages\/540","targetHints":{"allow":["GET"]}}],"collection":[{"href":"https:\/\/www.hotelaristeo.com\/de\/wp-json\/wp\/v2\/pages"}],"about":[{"href":"https:\/\/www.hotelaristeo.com\/de\/wp-json\/wp\/v2\/types\/page"}],"author":[{"embeddable":true,"href":"https:\/\/www.hotelaristeo.com\/de\/wp-json\/wp\/v2\/users\/4"}],"replies":[{"embeddable":true,"href":"https:\/\/www.hotelaristeo.com\/de\/wp-json\/wp\/v2\/comments?post=540"}],"version-history":[{"count":0,"href":"https:\/\/www.hotelaristeo.com\/de\/wp-json\/wp\/v2\/pages\/540\/revisions"}],"wp:attachment":[{"href":"https:\/\/www.hotelaristeo.com\/de\/wp-json\/wp\/v2\/media?parent=540"}],"curies":[{"name":"wp","href":"https:\/\/api.w.org\/{rel}","templated":true}]}}